{"id":6238,"date":"2019-11-26T04:29:34","date_gmt":"2019-11-26T04:29:34","guid":{"rendered":"http:\/\/consulting.stylemixthemes.com\/demo\/?page_id=6238"},"modified":"2024-10-23T08:39:53","modified_gmt":"2024-10-23T08:39:53","slug":"impressum","status":"publish","type":"page","link":"https:\/\/aeridesholding.com\/de\/impressum\/","title":{"rendered":"Impressum"},"content":{"rendered":"<section class=\"wpb-content-wrapper\"><div data-vc-full-width=\"true\" data-vc-full-width-init=\"false\" class=\"vc_row wpb_row vc_row-fluid vc_custom_1729672721722\"><div class=\"wpb_column vc_column_container vc_col-sm-4\"><div class=\"vc_column-inner\"><div class=\"wpb_wrapper\"><div class=\"vc_custom_heading text_align_left\" ><h5 style=\"text-align: left\" class=\"consulting-custom-title\">AERIDES Holding GmbH<\/h5><\/div>\n\t<div class=\"wpb_text_column wpb_content_element\" >\n\t\t<div class=\"wpb_wrapper\">\n\t\t\t<p>Windm\u00fchlenbreite 5<\/p>\n<p>30938 Burgwedel<\/p>\n\n\t\t<\/div>\n\t<\/div>\n<div class=\"stm-spacing\" id=\"stm-spacing-69f2966f94f54\"><\/div>\n<script>\n    (function($){\n        \"use strict\";\n        var spacingID = 'stm-spacing-69f2966f94f54',\n            lgSpacing = '',\n            mdSpacing = '',\n            smSpacing = '',\n            xsSpacing = '';\n\n        function stmSpacing() {\n            if ( window.matchMedia(\"(min-width: 1200px)\").matches && lgSpacing ) {\n                $( '#' + spacingID ).css ( \"height\", lgSpacing );\n            } else if ( window.matchMedia(\"(max-width: 1199px) and (min-width: 992px )\").matches && mdSpacing ) {\n                $( '#' + spacingID ).css ( \"height\", mdSpacing );\n            } else if ( window.matchMedia(\"(max-width: 991px) and (min-width: 768px )\").matches && smSpacing ) {\n                $( '#' + spacingID ).css ( \"height\", smSpacing );\n            } else if ( window.matchMedia(\"(max-width: 767px)\").matches && xsSpacing ) {\n                $( '#' + spacingID ).css ( \"height\", xsSpacing );\n            } else {\n                $( '#' + spacingID ).css ( \"height\", \"\" );\n            }\n        }\n\n        $(document).ready(function() {\n            stmSpacing();\n        });\n\n        $(window).resize(function() {\n            stmSpacing();\n        });\n\n    })(jQuery);\n<\/script><\/div><\/div><\/div><div class=\"wpb_column vc_column_container vc_col-sm-4\"><div class=\"vc_column-inner\"><div class=\"wpb_wrapper\"><div class=\"vc_custom_heading text_align_left\" ><h5 style=\"text-align: left\" class=\"consulting-custom-title\">Vertretungsberechtigte Personen<\/h5><\/div>\n\t<div class=\"wpb_text_column wpb_content_element\" >\n\t\t<div class=\"wpb_wrapper\">\n\t\t\t<p>Jinesh Baby, Gesch\u00e4ftsf\u00fchrer<\/p>\n<p>Robert E. St\u00e4rkel, Gesch\u00e4ftsf\u00fchrer<\/p>\n\n\t\t<\/div>\n\t<\/div>\n<\/div><\/div><\/div><div class=\"wpb_column vc_column_container vc_col-sm-4\"><div class=\"vc_column-inner\"><div class=\"wpb_wrapper\"><div class=\"vc_custom_heading text_align_left\" ><h5 style=\"text-align: left\" class=\"consulting-custom-title\">Sitz der Gesellschaft<\/h5><\/div>\n\t<div class=\"wpb_text_column wpb_content_element\" >\n\t\t<div class=\"wpb_wrapper\">\n\t\t\t<p>Hannover<\/p>\n\n\t\t<\/div>\n\t<\/div>\n<\/div><\/div><\/div><\/div><div class=\"vc_row-full-width vc_clearfix\"><\/div><div class=\"vc_row wpb_row vc_row-fluid vc_custom_1729670309658\"><div class=\"wpb_column vc_column_container vc_col-sm-4\"><div class=\"vc_column-inner vc_custom_1729672782306\"><div class=\"wpb_wrapper\"><div class=\"vc_custom_heading text_align_left\" ><h5 style=\"text-align: left\" class=\"consulting-custom-title\">Handelsregister<\/h5><\/div>\n\t<div class=\"wpb_text_column wpb_content_element\" >\n\t\t<div class=\"wpb_wrapper\">\n\t\t\t<p>Amtsgericht Hannover HRB 227007<\/p>\n\n\t\t<\/div>\n\t<\/div>\n<div class=\"stm-spacing\" id=\"stm-spacing-69f2966f95644\"><\/div>\n<script>\n    (function($){\n        \"use strict\";\n        var spacingID = 'stm-spacing-69f2966f95644',\n            lgSpacing = '',\n            mdSpacing = '',\n            smSpacing = '',\n            xsSpacing = '';\n\n        function stmSpacing() {\n            if ( window.matchMedia(\"(min-width: 1200px)\").matches && lgSpacing ) {\n                $( '#' + spacingID ).css ( \"height\", lgSpacing );\n            } else if ( window.matchMedia(\"(max-width: 1199px) and (min-width: 992px )\").matches && mdSpacing ) {\n                $( '#' + spacingID ).css ( \"height\", mdSpacing );\n            } else if ( window.matchMedia(\"(max-width: 991px) and (min-width: 768px )\").matches && smSpacing ) {\n                $( '#' + spacingID ).css ( \"height\", smSpacing );\n            } else if ( window.matchMedia(\"(max-width: 767px)\").matches && xsSpacing ) {\n                $( '#' + spacingID ).css ( \"height\", xsSpacing );\n            } else {\n                $( '#' + spacingID ).css ( \"height\", \"\" );\n            }\n        }\n\n        $(document).ready(function() {\n            stmSpacing();\n        });\n\n        $(window).resize(function() {\n            stmSpacing();\n        });\n\n    })(jQuery);\n<\/script><\/div><\/div><\/div><div class=\"wpb_column vc_column_container vc_col-sm-4\"><div class=\"vc_column-inner\"><div class=\"wpb_wrapper\"><div class=\"vc_custom_heading text_align_left\" ><h5 style=\"text-align: left\" class=\"consulting-custom-title\">Umsatzsteuer-Identifikationsnummer<\/h5><\/div>\n\t<div class=\"wpb_text_column wpb_content_element\" >\n\t\t<div class=\"wpb_wrapper\">\n\t\t\t<p>DE367906848<\/p>\n\n\t\t<\/div>\n\t<\/div>\n<\/div><\/div><\/div><div class=\"wpb_column vc_column_container vc_col-sm-4\"><div class=\"vc_column-inner\"><div class=\"wpb_wrapper\"><div class=\"vc_custom_heading text_align_left\" ><h5 style=\"text-align: left\" class=\"consulting-custom-title\">Kontakt<\/h5><\/div>\n\t<div class=\"wpb_text_column wpb_content_element\" >\n\t\t<div class=\"wpb_wrapper\">\n\t\t\t<p>E-Mail senden ( info@aeridesholding.com)<\/p>\n\n\t\t<\/div>\n\t<\/div>\n<div class=\"stm-spacing\" id=\"stm-spacing-69f2966f95a15\"><\/div>\n<script>\n    (function($){\n        \"use strict\";\n        var spacingID = 'stm-spacing-69f2966f95a15',\n            lgSpacing = '',\n            mdSpacing = '',\n            smSpacing = '',\n            xsSpacing = '';\n\n        function stmSpacing() {\n            if ( window.matchMedia(\"(min-width: 1200px)\").matches && lgSpacing ) {\n                $( '#' + spacingID ).css ( \"height\", lgSpacing );\n            } else if ( window.matchMedia(\"(max-width: 1199px) and (min-width: 992px )\").matches && mdSpacing ) {\n                $( '#' + spacingID ).css ( \"height\", mdSpacing );\n            } else if ( window.matchMedia(\"(max-width: 991px) and (min-width: 768px )\").matches && smSpacing ) {\n                $( '#' + spacingID ).css ( \"height\", smSpacing );\n            } else if ( window.matchMedia(\"(max-width: 767px)\").matches && xsSpacing ) {\n                $( '#' + spacingID ).css ( \"height\", xsSpacing );\n            } else {\n                $( '#' + spacingID ).css ( \"height\", \"\" );\n            }\n        }\n\n        $(document).ready(function() {\n            stmSpacing();\n        });\n\n        $(window).resize(function() {\n            stmSpacing();\n        });\n\n    })(jQuery);\n<\/script><\/div><\/div><\/div><\/div>\n<\/section>","protected":false},"excerpt":{"rendered":"AERIDES Holding GmbH Windm\u00fchlenbreite 5 30938 Burgwedel Vertretungsberechtigte Personen Jinesh Baby, Gesch\u00e4ftsf\u00fchrer Robert E. St\u00e4rkel, Gesch\u00e4ftsf\u00fchrer Sitz der Gesellschaft Hannover Handelsregister Amtsgericht Hannover HRB 227007 Umsatzsteuer-Identifikationsnummer DE367906848 Kontakt E-Mail senden ( info@aeridesholding.com)","protected":false},"author":1,"featured_media":0,"parent":0,"menu_order":0,"comment_status":"closed","ping_status":"closed","template":"","meta":{"footnotes":""},"class_list":["post-6238","page","type-page","status-publish","hentry"],"yoast_head":"<!-- This site is optimized with the Yoast SEO plugin v23.5 - https:\/\/yoast.com\/wordpress\/plugins\/seo\/ -->\n<title>Impressum - Aerides Holding<\/title>\n<meta name=\"robots\" content=\"index, follow, max-snippet:-1, max-image-preview:large, max-video-preview:-1\" \/>\n<link rel=\"canonical\" href=\"https:\/\/aeridesholding.com\/de\/impressum\/\" \/>\n<meta property=\"og:locale\" content=\"de_DE\" \/>\n<meta property=\"og:type\" content=\"article\" \/>\n<meta property=\"og:title\" content=\"Impressum - Aerides Holding\" \/>\n<meta property=\"og:url\" content=\"https:\/\/aeridesholding.com\/de\/impressum\/\" \/>\n<meta property=\"og:site_name\" content=\"Aerides Holding\" \/>\n<meta property=\"article:modified_time\" content=\"2024-10-23T08:39:53+00:00\" \/>\n<meta name=\"twitter:card\" content=\"summary_large_image\" \/>\n<meta name=\"twitter:label1\" content=\"Gesch\u00e4tzte Lesezeit\" \/>\n\t<meta name=\"twitter:data1\" content=\"1\u00a0Minute\" \/>\n<script type=\"application\/ld+json\" class=\"yoast-schema-graph\">{\"@context\":\"https:\/\/schema.org\",\"@graph\":[{\"@type\":\"WebPage\",\"@id\":\"https:\/\/aeridesholding.com\/impressum\/\",\"url\":\"https:\/\/aeridesholding.com\/impressum\/\",\"name\":\"Impressum - Aerides Holding\",\"isPartOf\":{\"@id\":\"https:\/\/aeridesholding.com\/#website\"},\"datePublished\":\"2019-11-26T04:29:34+00:00\",\"dateModified\":\"2024-10-23T08:39:53+00:00\",\"breadcrumb\":{\"@id\":\"https:\/\/aeridesholding.com\/impressum\/#breadcrumb\"},\"inLanguage\":\"de\",\"potentialAction\":[{\"@type\":\"ReadAction\",\"target\":[\"https:\/\/aeridesholding.com\/impressum\/\"]}]},{\"@type\":\"BreadcrumbList\",\"@id\":\"https:\/\/aeridesholding.com\/impressum\/#breadcrumb\",\"itemListElement\":[{\"@type\":\"ListItem\",\"position\":1,\"name\":\"Home\",\"item\":\"https:\/\/aeridesholding.com\/\"},{\"@type\":\"ListItem\",\"position\":2,\"name\":\"Impressum\"}]},{\"@type\":\"WebSite\",\"@id\":\"https:\/\/aeridesholding.com\/#website\",\"url\":\"https:\/\/aeridesholding.com\/\",\"name\":\"Aerides Holding\",\"description\":\"Aerides Holding-Expert Staffing Solutions for Global Business\",\"publisher\":{\"@id\":\"https:\/\/aeridesholding.com\/#organization\"},\"potentialAction\":[{\"@type\":\"SearchAction\",\"target\":{\"@type\":\"EntryPoint\",\"urlTemplate\":\"https:\/\/aeridesholding.com\/?s={search_term_string}\"},\"query-input\":{\"@type\":\"PropertyValueSpecification\",\"valueRequired\":true,\"valueName\":\"search_term_string\"}}],\"inLanguage\":\"de\"},{\"@type\":\"Organization\",\"@id\":\"https:\/\/aeridesholding.com\/#organization\",\"name\":\"Aerides Holding\",\"url\":\"https:\/\/aeridesholding.com\/\",\"logo\":{\"@type\":\"ImageObject\",\"inLanguage\":\"de\",\"@id\":\"https:\/\/aeridesholding.com\/#\/schema\/logo\/image\/\",\"url\":\"https:\/\/aeridesholding.com\/wp-content\/uploads\/2024\/06\/AERIDES-HOLDING.png\",\"contentUrl\":\"https:\/\/aeridesholding.com\/wp-content\/uploads\/2024\/06\/AERIDES-HOLDING.png\",\"width\":1886,\"height\":1063,\"caption\":\"Aerides Holding\"},\"image\":{\"@id\":\"https:\/\/aeridesholding.com\/#\/schema\/logo\/image\/\"}}]}<\/script>\n<!-- \/ Yoast SEO plugin. -->","yoast_head_json":{"title":"Impressum - Aerides Holding","robots":{"index":"index","follow":"follow","max-snippet":"max-snippet:-1","max-image-preview":"max-image-preview:large","max-video-preview":"max-video-preview:-1"},"canonical":"https:\/\/aeridesholding.com\/de\/impressum\/","og_locale":"de_DE","og_type":"article","og_title":"Impressum - Aerides Holding","og_url":"https:\/\/aeridesholding.com\/de\/impressum\/","og_site_name":"Aerides Holding","article_modified_time":"2024-10-23T08:39:53+00:00","twitter_card":"summary_large_image","twitter_misc":{"Gesch\u00e4tzte Lesezeit":"1\u00a0Minute"},"schema":{"@context":"https:\/\/schema.org","@graph":[{"@type":"WebPage","@id":"https:\/\/aeridesholding.com\/impressum\/","url":"https:\/\/aeridesholding.com\/impressum\/","name":"Impressum - Aerides Holding","isPartOf":{"@id":"https:\/\/aeridesholding.com\/#website"},"datePublished":"2019-11-26T04:29:34+00:00","dateModified":"2024-10-23T08:39:53+00:00","breadcrumb":{"@id":"https:\/\/aeridesholding.com\/impressum\/#breadcrumb"},"inLanguage":"de","potentialAction":[{"@type":"ReadAction","target":["https:\/\/aeridesholding.com\/impressum\/"]}]},{"@type":"BreadcrumbList","@id":"https:\/\/aeridesholding.com\/impressum\/#breadcrumb","itemListElement":[{"@type":"ListItem","position":1,"name":"Home","item":"https:\/\/aeridesholding.com\/"},{"@type":"ListItem","position":2,"name":"Impressum"}]},{"@type":"WebSite","@id":"https:\/\/aeridesholding.com\/#website","url":"https:\/\/aeridesholding.com\/","name":"Aerides Holding","description":"Aerides Holding-Expert Staffing Solutions for Global Business","publisher":{"@id":"https:\/\/aeridesholding.com\/#organization"},"potentialAction":[{"@type":"SearchAction","target":{"@type":"EntryPoint","urlTemplate":"https:\/\/aeridesholding.com\/?s={search_term_string}"},"query-input":{"@type":"PropertyValueSpecification","valueRequired":true,"valueName":"search_term_string"}}],"inLanguage":"de"},{"@type":"Organization","@id":"https:\/\/aeridesholding.com\/#organization","name":"Aerides Holding","url":"https:\/\/aeridesholding.com\/","logo":{"@type":"ImageObject","inLanguage":"de","@id":"https:\/\/aeridesholding.com\/#\/schema\/logo\/image\/","url":"https:\/\/aeridesholding.com\/wp-content\/uploads\/2024\/06\/AERIDES-HOLDING.png","contentUrl":"https:\/\/aeridesholding.com\/wp-content\/uploads\/2024\/06\/AERIDES-HOLDING.png","width":1886,"height":1063,"caption":"Aerides Holding"},"image":{"@id":"https:\/\/aeridesholding.com\/#\/schema\/logo\/image\/"}}]}},"_links":{"self":[{"href":"https:\/\/aeridesholding.com\/de\/wp-json\/wp\/v2\/pages\/6238","targetHints":{"allow":["GET"]}}],"collection":[{"href":"https:\/\/aeridesholding.com\/de\/wp-json\/wp\/v2\/pages"}],"about":[{"href":"https:\/\/aeridesholding.com\/de\/wp-json\/wp\/v2\/types\/page"}],"author":[{"embeddable":true,"href":"https:\/\/aeridesholding.com\/de\/wp-json\/wp\/v2\/users\/1"}],"replies":[{"embeddable":true,"href":"https:\/\/aeridesholding.com\/de\/wp-json\/wp\/v2\/comments?post=6238"}],"version-history":[{"count":12,"href":"https:\/\/aeridesholding.com\/de\/wp-json\/wp\/v2\/pages\/6238\/revisions"}],"predecessor-version":[{"id":7470,"href":"https:\/\/aeridesholding.com\/de\/wp-json\/wp\/v2\/pages\/6238\/revisions\/7470"}],"wp:attachment":[{"href":"https:\/\/aeridesholding.com\/de\/wp-json\/wp\/v2\/media?parent=6238"}],"curies":[{"name":"wp","href":"https:\/\/api.w.org\/{rel}","templated":true}]}}