{"id":324,"date":"2016-01-06T09:37:51","date_gmt":"2016-01-06T09:37:51","guid":{"rendered":"http:\/\/consulting.stylemixthemes.com\/demo\/?page_id=324"},"modified":"2024-09-07T05:49:04","modified_gmt":"2024-09-07T05:49:04","slug":"testimonial","status":"publish","type":"page","link":"https:\/\/aeridesholding.com\/de\/testimonial\/","title":{"rendered":"Referenzen"},"content":{"rendered":"<section class=\"wpb-content-wrapper\"><div class=\"vc_row wpb_row vc_row-fluid vc_custom_1719809306019\"><div class=\"wpb_column vc_column_container vc_col-sm-12\"><div class=\"vc_column-inner\"><div class=\"wpb_wrapper\">\n\n\t\t\t<div class=\"stm_testimonials cols_1 style_6\">\n\t\t\t\t\t\t\t<div class=\"item\">\n\t\t\t\t\t<div class=\"testimonial\"><p>Ich habe mich Anfang letzten Jahres entschieden, von Indien nach Deutschland zu ziehen, um bessere Besch\u00e4ftigungsm\u00f6glichkeiten als Krankenschwester zu finden. Aerides hat den gesamten Prozess so einfach und reibungslos gestaltet. Herr Jinesh und Robert sind \u00e4u\u00dferst freundlich, professionell und effizient und haben mir unsch\u00e4tzbare Ratschl\u00e4ge gegeben, als es darum ging, mich auf das Vorstellungsgespr\u00e4ch vorzubereiten und den perfekten Lebenslauf zu erstellen. Innerhalb weniger Wochen, nachdem ich mit Aerides zusammengearbeitet hatte, wurde mir eine Vollzeitstelle in einer renommierten Gesundheitseinrichtung angeboten. Aerides ist aufmerksam, kompetent und ansprechbar. Vielen Dank, Aerides, f\u00fcr Ihre gro\u00dfartige Unterst\u00fctzung!<\/p>\n<\/div>\n\t\t\t\t\t<div class=\"testimonial-info clearfix\">\n\t\t\t\t\t\t<div class=\"testimonial-image\"><img loading=\"lazy\" decoding=\"async\" width=\"50\" height=\"50\" src=\"https:\/\/aeridesholding.com\/wp-content\/uploads\/2016\/01\/Untitled-design-50x50.png\" class=\"attachment-consulting-image-50x50-croped size-consulting-image-50x50-croped wp-post-image\" alt=\"\" srcset=\"https:\/\/aeridesholding.com\/wp-content\/uploads\/2016\/01\/Untitled-design-50x50.png 50w, https:\/\/aeridesholding.com\/wp-content\/uploads\/2016\/01\/Untitled-design-300x300.png 300w, https:\/\/aeridesholding.com\/wp-content\/uploads\/2016\/01\/Untitled-design-150x150.png 150w, https:\/\/aeridesholding.com\/wp-content\/uploads\/2016\/01\/Untitled-design-12x12.png 12w, https:\/\/aeridesholding.com\/wp-content\/uploads\/2016\/01\/Untitled-design-320x320.png 320w, https:\/\/aeridesholding.com\/wp-content\/uploads\/2016\/01\/Untitled-design.png 640w\" sizes=\"auto, (max-width: 50px) 100vw, 50px\" \/><\/div>\n\t\t\t\t\t\t<div class=\"testimonial-text\">\n\t\t\t\t\t\t\t<div class=\"name\">Neethu Johnson<\/div>\n\t\t\t\t\t\t\t<div class=\"company\">\n\t\t\t\t\t\t\tNurse, \t\t\t\t\t\t\t<\/div>\n\t\t\t\t\t\t<\/div>\n\t\t\t\t\t<\/div>\n\t\t\t\t<\/div>\n\t\t\t\t\t\t\t<div class=\"item\">\n\t\t\t\t\t<div class=\"testimonial\"><p>Ich m\u00f6chte mich beim Aerides-Team, insbesondere bei Jinesh und Robert, bedanken. Sie waren w\u00e4hrend meines gesamten Bewerbungsprozesses au\u00dfergew\u00f6hnlich gr\u00fcndlich, ehrlich und professionell. Von meinem ersten Onboarding, als ich als Research Registered Nurse im \u00f6ffentlichen Krankenhaussektor arbeitete, bis hin zu meinen Vorstellungsgespr\u00e4chen mit den Kunden und meiner Platzierung waren sie unterst\u00fctzend, und der Prozess verlief reibungslos. Ich empfehle Aerides allen Kandidaten und Kunden.<\/p>\n<\/div>\n\t\t\t\t\t<div class=\"testimonial-info clearfix\">\n\t\t\t\t\t\t<div class=\"testimonial-image\"><img loading=\"lazy\" decoding=\"async\" width=\"50\" height=\"50\" src=\"https:\/\/aeridesholding.com\/wp-content\/uploads\/2016\/01\/Untitled-design-50x50.png\" class=\"attachment-consulting-image-50x50-croped size-consulting-image-50x50-croped wp-post-image\" alt=\"\" srcset=\"https:\/\/aeridesholding.com\/wp-content\/uploads\/2016\/01\/Untitled-design-50x50.png 50w, https:\/\/aeridesholding.com\/wp-content\/uploads\/2016\/01\/Untitled-design-300x300.png 300w, https:\/\/aeridesholding.com\/wp-content\/uploads\/2016\/01\/Untitled-design-150x150.png 150w, https:\/\/aeridesholding.com\/wp-content\/uploads\/2016\/01\/Untitled-design-12x12.png 12w, https:\/\/aeridesholding.com\/wp-content\/uploads\/2016\/01\/Untitled-design-320x320.png 320w, https:\/\/aeridesholding.com\/wp-content\/uploads\/2016\/01\/Untitled-design.png 640w\" sizes=\"auto, (max-width: 50px) 100vw, 50px\" \/><\/div>\n\t\t\t\t\t\t<div class=\"testimonial-text\">\n\t\t\t\t\t\t\t<div class=\"name\">Josnamol Joseph<\/div>\n\t\t\t\t\t\t\t<div class=\"company\">\n\t\t\t\t\t\t\tNurse, \t\t\t\t\t\t\t<\/div>\n\t\t\t\t\t\t<\/div>\n\t\t\t\t\t<\/div>\n\t\t\t\t<\/div>\n\t\t\t\t\t\t\t<div class=\"item\">\n\t\t\t\t\t<div class=\"testimonial\"><p>Die Reise mit Aerides war eine wunderbare Erfahrung, angefangen beim Einreichen meines Lebenslaufs bis hin zur erfolgreichen Platzierung in einem renommierten Krankenhaus in Deutschland. Ich m\u00f6chte allen Mitgliedern von Aerides von Herzen danken, die mich auf meinem Weg mit konstanter Unterst\u00fctzung begleitet haben. Au\u00dferdem sch\u00e4tze ich ihre selbstlosen Bem\u00fchungen, unz\u00e4hlige Krankenschwestern aus verschiedenen Teilen Indiens zu rekrutieren, um ihnen eine bessere Zukunft in f\u00fchrenden Krankenh\u00e4usern in Deutschland und anderen L\u00e4ndern zu erm\u00f6glichen. Ich habe diese Organisation immer meinen Verwandten und Freunden empfohlen, die darauf hoffen, in einer angesehenen Einrichtung angestellt zu werden, da sie in jedem Schritt des Rekrutierungsprozesses qualitativ hochwertige und vertrauensw\u00fcrdige Unterst\u00fctzung bieten. Ein besonderer Dank geht an das gesamte Rekrutierungsteam, das w\u00e4hrend meines Prozesses immer an vorderster Front stand und mir prompt auf all meine Fragen geantwortet hat. Vielen Dank und alles Gute an alle meine Kolleginnen und Kollegen, die eine gro\u00dfartige Karriere in ihrer Zukunft anstreben.<\/p>\n<\/div>\n\t\t\t\t\t<div class=\"testimonial-info clearfix\">\n\t\t\t\t\t\t<div class=\"testimonial-image\"><img loading=\"lazy\" decoding=\"async\" width=\"50\" height=\"50\" src=\"https:\/\/aeridesholding.com\/wp-content\/uploads\/2016\/01\/Untitled-design-50x50.png\" class=\"attachment-consulting-image-50x50-croped size-consulting-image-50x50-croped wp-post-image\" alt=\"\" srcset=\"https:\/\/aeridesholding.com\/wp-content\/uploads\/2016\/01\/Untitled-design-50x50.png 50w, https:\/\/aeridesholding.com\/wp-content\/uploads\/2016\/01\/Untitled-design-300x300.png 300w, https:\/\/aeridesholding.com\/wp-content\/uploads\/2016\/01\/Untitled-design-150x150.png 150w, https:\/\/aeridesholding.com\/wp-content\/uploads\/2016\/01\/Untitled-design-12x12.png 12w, https:\/\/aeridesholding.com\/wp-content\/uploads\/2016\/01\/Untitled-design-320x320.png 320w, https:\/\/aeridesholding.com\/wp-content\/uploads\/2016\/01\/Untitled-design.png 640w\" sizes=\"auto, (max-width: 50px) 100vw, 50px\" \/><\/div>\n\t\t\t\t\t\t<div class=\"testimonial-text\">\n\t\t\t\t\t\t\t<div class=\"name\">Mrs.Priya lalu<\/div>\n\t\t\t\t\t\t\t<div class=\"company\">\n\t\t\t\t\t\t\tNurse, \t\t\t\t\t\t\t<\/div>\n\t\t\t\t\t\t<\/div>\n\t\t\t\t\t<\/div>\n\t\t\t\t<\/div>\n\t\t\t\t\t\t\t<div class=\"item\">\n\t\t\t\t\t<div class=\"testimonial\"><p>Ich hatte das Vergn\u00fcgen, von der Aerides Holding GmbH unterst\u00fctzt zu werden. Es ging nicht nur darum, einen passenden Job f\u00fcr mich zu finden. Sie haben mir auch nach dem Jobangebot im Krankenhaus geholfen, indem sie mich bei der Suche nach einer Unterkunft, der Erledigung von Papierkram usw. unterst\u00fctzt haben. Herr Jinesh und sein Team haben mich w\u00e4hrend des gesamten Prozesses und bei jedem einzelnen Schritt vollst\u00e4ndig unterst\u00fctzt \u2013 vom Sortieren der Unterlagen bis hin zum Teilen wichtiger Informationen dar\u00fcber, wo ich Zugang zu Einwanderungsrichtlinien bekomme, und sie waren f\u00fcr alle Fragen da, die ich haben k\u00f6nnte. Sie wussten, dass ich neu im Land war, keine Familie hier hatte oder ein gro\u00dfes Netzwerk von Freunden, und deshalb haben sie sich um mich gek\u00fcmmert, als w\u00e4re ich ein enger Freund oder sogar ein Familienmitglied. Ich habe einen gro\u00dfartigen Vertrag mit einem sehr guten Krankenhaus in der Stadt unterschrieben, in der ich immer leben wollte. Ich kann Aerides nicht genug f\u00fcr ihre Unterst\u00fctzung und Anleitung danken. Ich empfehle ihre Dienstleistungen jedem Gesundheitsfachmann, der daran interessiert ist, gro\u00dfe Fortschritte in seiner Karriere zu machen.<\/p>\n<\/div>\n\t\t\t\t\t<div class=\"testimonial-info clearfix\">\n\t\t\t\t\t\t<div class=\"testimonial-image\"><img loading=\"lazy\" decoding=\"async\" width=\"50\" height=\"50\" src=\"https:\/\/aeridesholding.com\/wp-content\/uploads\/2016\/01\/Untitled-design-50x50.png\" class=\"attachment-consulting-image-50x50-croped size-consulting-image-50x50-croped wp-post-image\" alt=\"\" srcset=\"https:\/\/aeridesholding.com\/wp-content\/uploads\/2016\/01\/Untitled-design-50x50.png 50w, https:\/\/aeridesholding.com\/wp-content\/uploads\/2016\/01\/Untitled-design-300x300.png 300w, https:\/\/aeridesholding.com\/wp-content\/uploads\/2016\/01\/Untitled-design-150x150.png 150w, https:\/\/aeridesholding.com\/wp-content\/uploads\/2016\/01\/Untitled-design-12x12.png 12w, https:\/\/aeridesholding.com\/wp-content\/uploads\/2016\/01\/Untitled-design-320x320.png 320w, https:\/\/aeridesholding.com\/wp-content\/uploads\/2016\/01\/Untitled-design.png 640w\" sizes=\"auto, (max-width: 50px) 100vw, 50px\" \/><\/div>\n\t\t\t\t\t\t<div class=\"testimonial-text\">\n\t\t\t\t\t\t\t<div class=\"name\">Jobiya Siby<\/div>\n\t\t\t\t\t\t\t<div class=\"company\">\n\t\t\t\t\t\t\tNurse, \t\t\t\t\t\t\t<\/div>\n\t\t\t\t\t\t<\/div>\n\t\t\t\t\t<\/div>\n\t\t\t\t<\/div>\n\t\t\t\t\t<\/div>\n\t\n\t<\/div><\/div><\/div><\/div><div data-vc-full-width=\"true\" data-vc-full-width-init=\"false\" class=\"vc_row wpb_row vc_row-fluid third_bg_color vc_custom_1451889219674\"><div class=\"wpb_column vc_column_container vc_col-sm-12\"><div class=\"vc_column-inner\"><div class=\"wpb_wrapper\">    \n    <div id=\"particles_69f2960ee956e\"><\/div>\n\n    <style>\n        #particles_69f2960ee956e {\n            position: absolute;\n            top: 0;\n            left: 0;\n            right: 0;\n            bottom: 0;\n        }\n        .vc_cta3_content-container {\n            position: relative;\n        }\n    <\/style>\n\n    <script type=\"text\/javascript\">\n        jQuery(document).ready(function ($) {\n            var screenWidth = $(window).width();\n            if(screenWidth < 1140) {\n                var defaultWidth = screenWidth;\n            } else {\n                var defaultWidth = 1140;\n            }\n            var marginLeft = (screenWidth - defaultWidth) \/ 2;\n\n            $('#particles_69f2960ee956e').css({\n                'width': screenWidth + 'px',\n                'margin-left': '-' + marginLeft + 'px'\n            });\n\n            particlesJS('particles_69f2960ee956e',\n\n                {\n                    \"particles\": {\n                        \"number\": {\n                            \"value\": 120,\n                            \"density\": {\n                                \"enable\": true,\n                                \"value_area\": 800\n                            }\n                        },\n                        \"color\": {\n                            \"value\": \"#ffffff\"\n                        },\n                        \"opacity\": {\n                            \"value\": 0.5,\n                            \"random\": false,\n                            \"anim\": {\n                                \"enable\": false,\n                                \"speed\": 1,\n                                \"opacity_min\": 0.1,\n                                \"sync\": false\n                            }\n                        },\n                        \"size\": {\n                            \"value\": 8,\n                            \"random\": true,\n                            \"anim\": {\n                                \"enable\": false,\n                                \"speed\": 40,\n                                \"size_min\": 0.1,\n                                \"sync\": false\n                            }\n                        },\n                        \"line_linked\": {\n                            \"enable\": true,\n                            \"distance\": 150,\n                            \"color\": \"#ffffff\",\n                            \"opacity\": 0.4,\n                            \"width\": 1\n                        },\n                        \"move\": {\n                            \"enable\": true,\n                            \"speed\": 6,\n                            \"direction\": \"none\",\n                            \"random\": false,\n                            \"straight\": false,\n                            \"out_mode\": \"out\",\n                            \"attract\": {\n                                \"enable\": false,\n                                \"rotateX\": 600,\n                                \"rotateY\": 1200\n                            }\n                        }\n                    },\n                    \"interactivity\": {\n                        \"detect_on\": \"canvas\",\n                        \"events\": {\n                            \"onhover\": {\n                                \"enable\": true,\n                                \"mode\": \"grab\"\n                            },\n                            \"onclick\": {\n                                \"enable\": true,\n                                \"mode\": \"push\"\n                            },\n                            \"resize\": true\n                        }\n                    },\n                    \"retina_detect\": true\n                }\n\n            );\n        });\n    <\/script>\n\n<section class=\"vc_cta3-container\" >\n    <div class=\"vc_general vc_cta3 third_bg_color vc_cta3-style-flat vc_cta3-shape-square vc_cta3-align-left vc_cta3-color-classic vc_cta3-icon-size-md vc_cta3-actions-right vc_custom_1719809899625 style=\"\"\">\n                        <div class=\"vc_cta3_content-container\">\n                                    <div class=\"vc_cta3-content\">\n                <header class=\"vc_cta3-content-header\">\n                    <div class=\"vc_custom_heading text_align_left\" ><h2 style=\"font-size: 20px;color: #000000;line-height: 24px;text-align: left\" class=\"consulting-custom-title\">Auf der Suche nach einem erstklassigen Gesch\u00e4ftsplan-Berater?<\/h2><\/div>                                    <\/header>\n                            <\/div>\n                        <div class=\"vc_cta3-actions\"><div class=\"vc_btn3-container vc_btn3-right\" ><a class=\"vc_general vc_btn3 vc_btn3-size-md vc_btn3-shape-rounded vc_btn3-style-flat vc_btn3-block vc_btn3-icon-right vc_btn3-color-theme_style_2\" href=\"https:\/\/aeridesholding.com\/de\/contact-us\/\" title=\"\">Kontakt <i class=\"vc_btn3-icon stm-houston-award-ribbon\"><\/i><\/a><\/div><\/div>        <\/div>\n                    <\/div>\n<\/section><\/div><\/div><\/div><\/div><div class=\"vc_row-full-width vc_clearfix\"><\/div>\n<\/section>","protected":false},"excerpt":{"rendered":"","protected":false},"author":1,"featured_media":0,"parent":0,"menu_order":0,"comment_status":"closed","ping_status":"closed","template":"","meta":{"footnotes":""},"class_list":["post-324","page","type-page","status-publish","hentry"],"yoast_head":"<!-- This site is optimized with the Yoast SEO plugin v23.5 - https:\/\/yoast.com\/wordpress\/plugins\/seo\/ -->\n<title>Testimonials - Aerides Holding<\/title>\n<meta name=\"robots\" content=\"index, follow, max-snippet:-1, max-image-preview:large, max-video-preview:-1\" \/>\n<link rel=\"canonical\" href=\"https:\/\/aeridesholding.com\/de\/testimonial\/\" \/>\n<meta property=\"og:locale\" content=\"de_DE\" \/>\n<meta property=\"og:type\" content=\"article\" \/>\n<meta property=\"og:title\" content=\"Testimonials - Aerides Holding\" \/>\n<meta property=\"og:url\" content=\"https:\/\/aeridesholding.com\/de\/testimonial\/\" \/>\n<meta property=\"og:site_name\" content=\"Aerides Holding\" \/>\n<meta property=\"article:modified_time\" content=\"2024-09-07T05:49:04+00:00\" \/>\n<meta name=\"twitter:card\" content=\"summary_large_image\" \/>\n<meta name=\"twitter:label1\" content=\"Gesch\u00e4tzte Lesezeit\" \/>\n\t<meta name=\"twitter:data1\" content=\"1\u00a0Minute\" \/>\n<script type=\"application\/ld+json\" class=\"yoast-schema-graph\">{\"@context\":\"https:\/\/schema.org\",\"@graph\":[{\"@type\":\"WebPage\",\"@id\":\"https:\/\/aeridesholding.com\/testimonial\/\",\"url\":\"https:\/\/aeridesholding.com\/testimonial\/\",\"name\":\"Testimonials - Aerides Holding\",\"isPartOf\":{\"@id\":\"https:\/\/aeridesholding.com\/#website\"},\"datePublished\":\"2016-01-06T09:37:51+00:00\",\"dateModified\":\"2024-09-07T05:49:04+00:00\",\"breadcrumb\":{\"@id\":\"https:\/\/aeridesholding.com\/testimonial\/#breadcrumb\"},\"inLanguage\":\"de\",\"potentialAction\":[{\"@type\":\"ReadAction\",\"target\":[\"https:\/\/aeridesholding.com\/testimonial\/\"]}]},{\"@type\":\"BreadcrumbList\",\"@id\":\"https:\/\/aeridesholding.com\/testimonial\/#breadcrumb\",\"itemListElement\":[{\"@type\":\"ListItem\",\"position\":1,\"name\":\"Home\",\"item\":\"https:\/\/aeridesholding.com\/\"},{\"@type\":\"ListItem\",\"position\":2,\"name\":\"Testimonials\"}]},{\"@type\":\"WebSite\",\"@id\":\"https:\/\/aeridesholding.com\/#website\",\"url\":\"https:\/\/aeridesholding.com\/\",\"name\":\"Aerides Holding\",\"description\":\"Aerides Holding-Expert Staffing Solutions for Global Business\",\"publisher\":{\"@id\":\"https:\/\/aeridesholding.com\/#organization\"},\"potentialAction\":[{\"@type\":\"SearchAction\",\"target\":{\"@type\":\"EntryPoint\",\"urlTemplate\":\"https:\/\/aeridesholding.com\/?s={search_term_string}\"},\"query-input\":{\"@type\":\"PropertyValueSpecification\",\"valueRequired\":true,\"valueName\":\"search_term_string\"}}],\"inLanguage\":\"de\"},{\"@type\":\"Organization\",\"@id\":\"https:\/\/aeridesholding.com\/#organization\",\"name\":\"Aerides Holding\",\"url\":\"https:\/\/aeridesholding.com\/\",\"logo\":{\"@type\":\"ImageObject\",\"inLanguage\":\"de\",\"@id\":\"https:\/\/aeridesholding.com\/#\/schema\/logo\/image\/\",\"url\":\"https:\/\/aeridesholding.com\/wp-content\/uploads\/2024\/06\/AERIDES-HOLDING.png\",\"contentUrl\":\"https:\/\/aeridesholding.com\/wp-content\/uploads\/2024\/06\/AERIDES-HOLDING.png\",\"width\":1886,\"height\":1063,\"caption\":\"Aerides Holding\"},\"image\":{\"@id\":\"https:\/\/aeridesholding.com\/#\/schema\/logo\/image\/\"}}]}<\/script>\n<!-- \/ Yoast SEO plugin. -->","yoast_head_json":{"title":"Testimonials - Aerides Holding","robots":{"index":"index","follow":"follow","max-snippet":"max-snippet:-1","max-image-preview":"max-image-preview:large","max-video-preview":"max-video-preview:-1"},"canonical":"https:\/\/aeridesholding.com\/de\/testimonial\/","og_locale":"de_DE","og_type":"article","og_title":"Testimonials - Aerides Holding","og_url":"https:\/\/aeridesholding.com\/de\/testimonial\/","og_site_name":"Aerides Holding","article_modified_time":"2024-09-07T05:49:04+00:00","twitter_card":"summary_large_image","twitter_misc":{"Gesch\u00e4tzte Lesezeit":"1\u00a0Minute"},"schema":{"@context":"https:\/\/schema.org","@graph":[{"@type":"WebPage","@id":"https:\/\/aeridesholding.com\/testimonial\/","url":"https:\/\/aeridesholding.com\/testimonial\/","name":"Testimonials - Aerides Holding","isPartOf":{"@id":"https:\/\/aeridesholding.com\/#website"},"datePublished":"2016-01-06T09:37:51+00:00","dateModified":"2024-09-07T05:49:04+00:00","breadcrumb":{"@id":"https:\/\/aeridesholding.com\/testimonial\/#breadcrumb"},"inLanguage":"de","potentialAction":[{"@type":"ReadAction","target":["https:\/\/aeridesholding.com\/testimonial\/"]}]},{"@type":"BreadcrumbList","@id":"https:\/\/aeridesholding.com\/testimonial\/#breadcrumb","itemListElement":[{"@type":"ListItem","position":1,"name":"Home","item":"https:\/\/aeridesholding.com\/"},{"@type":"ListItem","position":2,"name":"Testimonials"}]},{"@type":"WebSite","@id":"https:\/\/aeridesholding.com\/#website","url":"https:\/\/aeridesholding.com\/","name":"Aerides Holding","description":"Aerides Holding-Expert Staffing Solutions for Global Business","publisher":{"@id":"https:\/\/aeridesholding.com\/#organization"},"potentialAction":[{"@type":"SearchAction","target":{"@type":"EntryPoint","urlTemplate":"https:\/\/aeridesholding.com\/?s={search_term_string}"},"query-input":{"@type":"PropertyValueSpecification","valueRequired":true,"valueName":"search_term_string"}}],"inLanguage":"de"},{"@type":"Organization","@id":"https:\/\/aeridesholding.com\/#organization","name":"Aerides Holding","url":"https:\/\/aeridesholding.com\/","logo":{"@type":"ImageObject","inLanguage":"de","@id":"https:\/\/aeridesholding.com\/#\/schema\/logo\/image\/","url":"https:\/\/aeridesholding.com\/wp-content\/uploads\/2024\/06\/AERIDES-HOLDING.png","contentUrl":"https:\/\/aeridesholding.com\/wp-content\/uploads\/2024\/06\/AERIDES-HOLDING.png","width":1886,"height":1063,"caption":"Aerides Holding"},"image":{"@id":"https:\/\/aeridesholding.com\/#\/schema\/logo\/image\/"}}]}},"_links":{"self":[{"href":"https:\/\/aeridesholding.com\/de\/wp-json\/wp\/v2\/pages\/324","targetHints":{"allow":["GET"]}}],"collection":[{"href":"https:\/\/aeridesholding.com\/de\/wp-json\/wp\/v2\/pages"}],"about":[{"href":"https:\/\/aeridesholding.com\/de\/wp-json\/wp\/v2\/types\/page"}],"author":[{"embeddable":true,"href":"https:\/\/aeridesholding.com\/de\/wp-json\/wp\/v2\/users\/1"}],"replies":[{"embeddable":true,"href":"https:\/\/aeridesholding.com\/de\/wp-json\/wp\/v2\/comments?post=324"}],"version-history":[{"count":9,"href":"https:\/\/aeridesholding.com\/de\/wp-json\/wp\/v2\/pages\/324\/revisions"}],"predecessor-version":[{"id":7409,"href":"https:\/\/aeridesholding.com\/de\/wp-json\/wp\/v2\/pages\/324\/revisions\/7409"}],"wp:attachment":[{"href":"https:\/\/aeridesholding.com\/de\/wp-json\/wp\/v2\/media?parent=324"}],"curies":[{"name":"wp","href":"https:\/\/api.w.org\/{rel}","templated":true}]}}